{"id":109,"date":"2023-03-06T10:35:09","date_gmt":"2023-03-06T10:35:09","guid":{"rendered":"http:\/\/www.altogo-consulting.eu\/?page_id=109"},"modified":"2025-08-25T11:54:39","modified_gmt":"2025-08-25T11:54:39","slug":"rrhh","status":"publish","type":"page","link":"https:\/\/www.altogo-consulting.eu\/home\/rrhh\/","title":{"rendered":"Consultor\u00eda RRHH"},"content":{"rendered":"\n<p><strong>Consultor\u00eda Strat&amp;Ops gesti\u00f3n de personas<\/strong><\/p>\n\n\n\n<p><em>Ponemos nuestra experiencia a tu servicio en las siguientes \u00e1reas, tanto si nos necesitas para planificaci\u00f3n estrat\u00e9gica (Strat) como para implantaci\u00f3n operativa de las mismas (Ops) en el \u00e1mbito de la consultor\u00eda de Recursos Humanos.<\/em><\/p>\n\n\n\n<p>-An\u00e1lisis organizativo: An\u00e1lisis y valoraci\u00f3n de puestos de trabajo, auditor\u00edas de procesos internos, elaboraci\u00f3n y dise\u00f1o de procedimientos de comunicaci\u00f3n interna.<\/p>\n\n\n\n<p>-Selecci\u00f3n de personal: Reclutamiento y selecci\u00f3n de personal a todos los niveles, con an\u00e1lisis en profundidad del puesto de trabajo a cubrir, aplicaci\u00f3n de t\u00e9cnicas de selecci\u00f3n por competencias\/valores y entrega de informes completos por candidatura presentada.<\/p>\n\n\n\n<p>-Formaci\u00f3n de personal: Evaluaci\u00f3n de necesidades formativas en la empresa, dise\u00f1o de planes de formaci\u00f3n seg\u00fan necesidades detectadas, b\u00fasqueda de proveedores para impartici\u00f3n de acciones formativas seg\u00fan presupuesto del cliente y seguimiento de las acciones formativas impartidas en la empresa.<\/p>\n\n\n\n<p>-Desarrollo de personal: Dise\u00f1o de procedimientos para evaluar el desempe\u00f1o y el desarrollo de planes de carrera profesional en el seno de la empresa, elaboraci\u00f3n de itinerarios formativos individuales ad hoc para posibles promociones y\/o planes de sucesi\u00f3n para puestos directivos.<\/p>\n\n\n\n<p>-Clima laboral: Administraci\u00f3n de encuestas de clima laboral, puntuales o peri\u00f3dicas, con evaluaci\u00f3n de resultados y conclusiones de los mismos, indicando posibles planes de mejora.<\/p>\n\n\n\n<p><em>\u00bfQuieres saber m\u00e1s? Usa el formulario inferior para contactar.<\/em><\/p>\n\n\n<style id=\"wpforms-css-vars-434-block-d762c227-b919-4872-9a70-45a7fa586ce7\">\n\t\t\t\t#wpforms-434.wpforms-block-d762c227-b919-4872-9a70-45a7fa586ce7 {\n\t\t\t\t--wpforms-field-size-input-height: 43px;\n--wpforms-field-size-input-spacing: 15px;\n--wpforms-field-size-font-size: 16px;\n--wpforms-field-size-line-height: 19px;\n--wpforms-field-size-padding-h: 14px;\n--wpforms-field-size-checkbox-size: 16px;\n--wpforms-field-size-sublabel-spacing: 5px;\n--wpforms-field-size-icon-size: 1;\n--wpforms-label-size-font-size: 16px;\n--wpforms-label-size-line-height: 19px;\n--wpforms-label-size-sublabel-font-size: 14px;\n--wpforms-label-size-sublabel-line-height: 17px;\n--wpforms-button-size-font-size: 17px;\n--wpforms-button-size-height: 41px;\n--wpforms-button-size-padding-h: 15px;\n--wpforms-button-size-margin-top: 10px;\n\t\t\t}\n\t\t\t<\/style><div class=\"wpforms-container wpforms-container-full wpforms-block wpforms-block-d762c227-b919-4872-9a70-45a7fa586ce7 wpforms-render-modern\" id=\"wpforms-434\"><form id=\"wpforms-form-434\" class=\"wpforms-validate wpforms-form wpforms-ajax-form\" data-formid=\"434\" method=\"post\" enctype=\"multipart\/form-data\" action=\"\/index.php\/wp-json\/wp\/v2\/pages\/109\" data-token=\"f974c8f86a5fcd128d1c9f86df91f18e\" data-token-time=\"1776310299\"><noscript class=\"wpforms-error-noscript\">Por favor, activa JavaScript en tu navegador para completar este formulario.<\/noscript><div id=\"wpforms-error-noscript\" style=\"display: none;\">Por favor, activa JavaScript en tu navegador para completar este formulario.<\/div><div class=\"wpforms-field-container\"><div id=\"wpforms-434-field_1-container\" class=\"wpforms-field wpforms-field-name\" data-field-id=\"1\"><fieldset><legend class=\"wpforms-field-label\">Nombre completo <span class=\"wpforms-required-label\" aria-hidden=\"true\">*<\/span><\/legend><div class=\"wpforms-field-row wpforms-field-medium\"><div class=\"wpforms-field-row-block wpforms-first wpforms-one-half\"><input type=\"text\" id=\"wpforms-434-field_1\" class=\"wpforms-field-name-first wpforms-field-required\" name=\"wpforms[fields][1][first]\" aria-errormessage=\"wpforms-434-field_1-error\" required><label for=\"wpforms-434-field_1\" class=\"wpforms-field-sublabel after\">Nombre<\/label><\/div><div class=\"wpforms-field-row-block wpforms-one-half\"><input type=\"text\" id=\"wpforms-434-field_1-last\" class=\"wpforms-field-name-last wpforms-field-required\" name=\"wpforms[fields][1][last]\" aria-errormessage=\"wpforms-434-field_1-last-error\" required><label for=\"wpforms-434-field_1-last\" class=\"wpforms-field-sublabel after\">Apellidos<\/label><\/div><\/div><\/fieldset><\/div><div id=\"wpforms-434-field_2-container\" class=\"wpforms-field wpforms-field-email\" data-field-id=\"2\"><label class=\"wpforms-field-label\" for=\"wpforms-434-field_2\">Correo electr\u00f3nico <span class=\"wpforms-required-label\" aria-hidden=\"true\">*<\/span><\/label><input type=\"email\" id=\"wpforms-434-field_2\" class=\"wpforms-field-medium wpforms-field-required\" name=\"wpforms[fields][2]\" spellcheck=\"false\" aria-errormessage=\"wpforms-434-field_2-error\" required><\/div><div id=\"wpforms-434-field_3-container\" class=\"wpforms-field wpforms-field-textarea\" data-field-id=\"3\"><label class=\"wpforms-field-label\" for=\"wpforms-434-field_3\">Su mensaje<\/label><textarea id=\"wpforms-434-field_3\" class=\"wpforms-field-medium\" name=\"wpforms[fields][3]\" aria-errormessage=\"wpforms-434-field_3-error\" ><\/textarea><\/div>\t\t<div id=\"wpforms-434-field_5-container\"\n\t\t\tclass=\"wpforms-field wpforms-field-text\"\n\t\t\tdata-field-type=\"text\"\n\t\t\tdata-field-id=\"5\"\n\t\t\t>\n\t\t\t<label class=\"wpforms-field-label\" for=\"wpforms-434-field_5\" >completo Su cl\u00e1usula<\/label>\n\t\t\t<input type=\"text\" id=\"wpforms-434-field_5\" class=\"wpforms-field-medium\" name=\"wpforms[fields][5]\" >\n\t\t<\/div>\n\t\t<div id=\"wpforms-434-field_4-container\" class=\"wpforms-field wpforms-field-gdpr-checkbox\" data-field-id=\"4\"><label class=\"wpforms-field-label\">Aceptaci\u00f3n cl\u00e1usula informativa RGPD <span class=\"wpforms-required-label\" aria-hidden=\"true\">*<\/span><\/label><ul id=\"wpforms-434-field_4\" class=\"wpforms-field-required\"><li class=\"choice-1\"><input type=\"checkbox\" id=\"wpforms-434-field_4_1\" name=\"wpforms[fields][4][]\" value=\"Doy mi consentimiento para que esta web almacene la informaci\u00f3n que env\u00edo para que puedan responder a mi petici\u00f3n.\" aria-errormessage=\"wpforms-434-field_4_1-error\" aria-describedby=\"wpforms-434-field_4-description\" required ><label class=\"wpforms-field-label-inline\" for=\"wpforms-434-field_4_1\">Doy mi consentimiento para que esta web almacene la informaci\u00f3n que env\u00edo para que puedan responder a mi petici\u00f3n.<\/label><\/li><\/ul><div id=\"wpforms-434-field_4-description\" class=\"wpforms-field-description\">Consulte la pol\u00edtica completa en https:\/\/www.altogo-consulting.eu\/index.php\/clausula-informativa-rgpd\/<\/div><\/div><script>\n\t\t\t\t( function() {\n\t\t\t\t\tconst style = document.createElement( 'style' );\n\t\t\t\t\tstyle.appendChild( document.createTextNode( '#wpforms-434-field_5-container { position: absolute !important; overflow: hidden !important; display: inline !important; height: 1px !important; width: 1px !important; z-index: -1000 !important; padding: 0 !important; } #wpforms-434-field_5-container input { visibility: hidden; } #wpforms-conversational-form-page #wpforms-434-field_5-container label { counter-increment: none; }' ) );\n\t\t\t\t\tdocument.head.appendChild( style );\n\t\t\t\t\tdocument.currentScript?.remove();\n\t\t\t\t} )();\n\t\t\t<\/script><\/div><!-- .wpforms-field-container --><div class=\"wpforms-submit-container\" ><input type=\"hidden\" name=\"wpforms[id]\" value=\"434\"><input type=\"hidden\" name=\"page_title\" value=\"\"><input type=\"hidden\" name=\"page_url\" value=\"https:\/\/www.altogo-consulting.eu\/index.php\/wp-json\/wp\/v2\/pages\/109\"><input type=\"hidden\" name=\"url_referer\" value=\"\"><button type=\"submit\" name=\"wpforms[submit]\" id=\"wpforms-submit-434\" class=\"wpforms-submit\" data-alt-text=\"Enviando...\" data-submit-text=\"Enviar\" aria-live=\"assertive\" value=\"wpforms-submit\">Enviar<\/button><img loading=\"lazy\" decoding=\"async\" src=\"https:\/\/www.altogo-consulting.eu\/wp-content\/plugins\/wpforms-lite\/assets\/images\/submit-spin.svg\" class=\"wpforms-submit-spinner\" style=\"display: none;\" width=\"26\" height=\"26\" alt=\"Cargando\"><\/div><\/form><\/div>  <!-- .wpforms-container -->","protected":false},"excerpt":{"rendered":"<p>Consultor\u00eda Strat&amp;Ops gesti\u00f3n de personas Ponemos nuestra experiencia a tu servicio en las siguientes \u00e1reas, tanto si nos necesitas para planificaci\u00f3n estrat\u00e9gica (Strat) como para implantaci\u00f3n operativa de las mismas (Ops) en el \u00e1mbito de la consultor\u00eda de Recursos Humanos. -An\u00e1lisis organizativo: An\u00e1lisis y valoraci\u00f3n de puestos de trabajo, auditor\u00edas de procesos internos, elaboraci\u00f3n y [&hellip;]<\/p>\n","protected":false},"author":1,"featured_media":0,"parent":9,"menu_order":0,"comment_status":"closed","ping_status":"closed","template":"","meta":{"footnotes":""},"class_list":["post-109","page","type-page","status-publish","hentry"],"_links":{"self":[{"href":"https:\/\/www.altogo-consulting.eu\/wp-json\/wp\/v2\/pages\/109","targetHints":{"allow":["GET"]}}],"collection":[{"href":"https:\/\/www.altogo-consulting.eu\/wp-json\/wp\/v2\/pages"}],"about":[{"href":"https:\/\/www.altogo-consulting.eu\/wp-json\/wp\/v2\/types\/page"}],"author":[{"embeddable":true,"href":"https:\/\/www.altogo-consulting.eu\/wp-json\/wp\/v2\/users\/1"}],"replies":[{"embeddable":true,"href":"https:\/\/www.altogo-consulting.eu\/wp-json\/wp\/v2\/comments?post=109"}],"version-history":[{"count":10,"href":"https:\/\/www.altogo-consulting.eu\/wp-json\/wp\/v2\/pages\/109\/revisions"}],"predecessor-version":[{"id":444,"href":"https:\/\/www.altogo-consulting.eu\/wp-json\/wp\/v2\/pages\/109\/revisions\/444"}],"up":[{"embeddable":true,"href":"https:\/\/www.altogo-consulting.eu\/wp-json\/wp\/v2\/pages\/9"}],"wp:attachment":[{"href":"https:\/\/www.altogo-consulting.eu\/wp-json\/wp\/v2\/media?parent=109"}],"curies":[{"name":"wp","href":"https:\/\/api.w.org\/{rel}","templated":true}]}}